{"id":12,"date":"2015-10-26T11:49:47","date_gmt":"2015-10-26T09:49:47","guid":{"rendered":"https:\/\/www.sunucuhizmeti.com.tr\/blog\/?page_id=12"},"modified":"2015-10-26T11:49:47","modified_gmt":"2015-10-26T09:49:47","slug":"linux-nedir","status":"publish","type":"page","link":"https:\/\/www.sunucuhizmeti.com.tr\/blog\/linux-nedir\/","title":{"rendered":"Linux Nedir ?"},"content":{"rendered":"<p><a href=\"https:\/\/www.sunucuhizmeti.com.tr\/blog\/wp-content\/uploads\/2015\/10\/linux-logo.png\"><img loading=\"lazy\" decoding=\"async\" class=\"size-full wp-image-13 alignleft\" src=\"https:\/\/www.sunucuhizmeti.com.tr\/blog\/wp-content\/uploads\/2015\/10\/linux-logo.png\" alt=\"linux logo\" width=\"256\" height=\"256\" srcset=\"https:\/\/www.sunucuhizmeti.com.tr\/blog\/wp-content\/uploads\/2015\/10\/linux-logo.png 256w, https:\/\/www.sunucuhizmeti.com.tr\/blog\/wp-content\/uploads\/2015\/10\/linux-logo-150x150.png 150w\" sizes=\"(max-width: 256px) 100vw, 256px\" \/><\/a>Linux, serbest\u00e7e da\u011f\u0131t\u0131labilen, \u00e7okg\u00f6revli, \u00e7ok kullan\u0131c\u0131l\u0131 UNIX i\u015fletim sistemi t\u00fcrevidir. Linux, \u0130nternet \u00fczerinde ilgili ve merakl\u0131 bir\u00e7ok ki\u015fi taraf\u0131ndan ortak olarak geli\u015ftirilmekte olan ve ba\u015fta IBM-PC uyumlu ki\u015fisel bilgisayarlar olmak \u00fczere bir\u00e7ok platformda \u00e7al\u0131\u015fabilen ve herhangi bir maliyeti olmayan bir i\u015fletim sistemidir.<\/p>\n<p>UNIX 70&#8217;li y\u0131llar\u0131n ortalar\u0131nda b\u00fcy\u00fck bilgisayarlar \u00fczerinde \u00e7ok kullan\u0131c\u0131l\u0131 bir i\u015fletim sistemi olarak geli\u015ftirilmi\u015ftir. Zaman i\u00e7erisinde yay\u0131lm\u0131\u015f ve bir\u00e7ok t\u00fcrevi ortaya \u00e7\u0131km\u0131\u015ft\u0131r. UNIX ismi UNIX Research Laboratories INC \u015firketinin tescilli markas\u0131 oldu\u011fundan dolay\u0131 bir\u00e7ok \u015firket, ayn\u0131 temele dayanan i\u015fletim sistemleri i\u00e7in de\u011fi\u015fik isimler kullanagelmi\u015flerdir. \u00d6rnek olarak<\/p>\n<ul>\n<li>Hewlett-Packard HP-UX<\/li>\n<li>IBM AIX<\/li>\n<li>Sun Microsystems SunOS<\/li>\n<\/ul>\n<p>kullanmaktad\u0131rlar. Bug\u00fcn ki\u015fisel bilgisayarlardan s\u00fcper bilgisayarlara kadar bi\u00e7ok bilgisayar i\u00e7in yaz\u0131lm\u0131\u015f bulunan UNIX t\u00fcrevleri mevcuttur. Ne var ki bu t\u00fcrevlerin \u00e7o\u011fu geli\u015fimi belirli bir noktada durmu\u015f ve y\u00fcksek fiyatla sat\u0131lan ticari yaz\u0131l\u0131mlard\u0131r.<\/p>\n<p>Linux, temel olarak Finlandiya \u00dcniversitesinde \u00f6\u011frenci olan Linus Torvalds&#8217;\u0131n ve \u0130nternet \u00fczerinde merakl\u0131 bir \u00e7ok yaz\u0131l\u0131mc\u0131n\u0131n katk\u0131lar\u0131 ile geli\u015ftirilmi\u015ftir. Linux geli\u015fimi a\u00e7\u0131k bir \u015fekilde yap\u0131lmaktad\u0131r. Bunun anlam\u0131, i\u015fletim sisteminin her a\u015famas\u0131 a\u00e7\u0131k olarak \u0130nternet \u00fczerinde yay\u0131nlanmakta, d\u00fcnyan\u0131n d\u00f6rt bir yan\u0131nda kullan\u0131c\u0131lar taraf\u0131ndan test edilmekte, hatalar\u0131 ve eksiklikleri tesbit edilerek d\u00fczeltilmekte ve geli\u015ftirilmektedir. Zaman zaman bu deneme a\u015famalar\u0131 belirli bir noktada durdurulur ve g\u00fcvenilir bir i\u015fletim sistemi sunulup, geli\u015ftirme i\u00e7in ayr\u0131 bir seriye devam edilir. Geli\u015ftirmede yer alan bu a\u00e7\u0131kl\u0131k Linux&#8217;un en b\u00fcy\u00fck avantajlar\u0131ndan biridir. Geli\u015fimi evrimseldir, hatalar an\u0131nda kullan\u0131c\u0131lar taraf\u0131ndan tesbit edilip rapor edilmekte ve bir\u00e7ok ki\u015finin katk\u0131s\u0131yla d\u00fczeltilmektedir. Baz\u0131 i\u015fletim sistemi s\u00fcr\u00fcmleri saatler i\u00e7erisinde g\u00fcncellenebilmektedir.<\/p>\n<p>Linux, Andy Tannenbaum taraf\u0131ndan geli\u015ftirilmi\u015f olan Minix i\u015fletim sistemine dayanmaktad\u0131r. Linus Torvalds bo\u015f zamanlar\u0131nda Minix&#8217;ten daha iyi bir Minix i\u015fletim sistemi yaratmak d\u00fc\u015f\u00fcncesiyle 1991 A\u011fustos sonlar\u0131nda ilk \u00e7al\u0131\u015fan Linux \u00e7ekirde\u011fini olu\u015fturdu. 5 Ekim 1991 tarihinde 0.02 s\u00fcr\u00fcm\u00fc Linux ilk defa tan\u0131t\u0131ld\u0131. Linus, comp.os.minix haber grubuna g\u00f6nderdi\u011fi yaz\u0131da yeni bir i\u015fletim sistemi geli\u015ftirmekte oldu\u011funu ve ilgilenen herkesin yard\u0131m\u0131n\u0131 bekledi\u011fini yazm\u0131\u015ft\u0131. \u0130\u015fletim sisteminin \u00e7ekirde\u011fi i\u00e7in verilen numaralar k\u0131sa s\u00fcrede bir standart kazand\u0131. a.x.y seklinde belirtilen \u00e7ekirdek t\u00fcrevlerinde y bulunulan seviyeyi, x geli\u015fim a\u015famas\u0131n\u0131 g\u00f6stermektedir. Tek say\u0131l\u0131 x&#8217;ler geli\u015ftirme a\u015famalar\u0131n\u0131 \u00e7ift say\u0131l\u0131 x&#8217; ler ise g\u00fcvenilir Linux \u00e7ekirdeklerini g\u00f6stermektedirler. a ise de\u011fi\u015fik Linux s\u00fcr\u00fcmlerini belirtir. Bu yaz\u0131n\u0131n haz\u0131rland\u0131\u011f\u0131 A\u011fustos 1997 i\u00e7erisinde en son g\u00fcvenilir (kararl\u0131) Linux \u00e7ekirde\u011fi 2.0.30, en son geli\u015fim a\u015famas\u0131ndaki \u00e7ekirdek ise 2.1.47&#8217;dir.<\/p>\n<p>Linux ger\u00e7ekten son y\u0131llarda h\u0131zl\u0131 bir geli\u015fme g\u00f6stermi\u015f, \u00e7esitli \u00fclkelerden bir\u00e7ok kullan\u0131c\u0131ya eri\u015fmi\u015f ve yaz\u0131l\u0131m deste\u011fi g\u00fcnden g\u00fcne artm\u0131\u015ft\u0131r. De\u011fi\u015fik kurulu\u015flar Linux sistemi ve uygulama yaz\u0131l\u0131mlar\u0131n\u0131 biraraya getirerek da\u011f\u0131t\u0131mlar olu\u015fturmu\u015flar ve kullan\u0131m\u0131n\u0131 yayg\u0131nla\u015ft\u0131rm\u0131\u015flard\u0131r.<\/p>\n","protected":false},"excerpt":{"rendered":"<p>Linux, serbest\u00e7e da\u011f\u0131t\u0131labilen, \u00e7okg\u00f6revli, \u00e7ok kullan\u0131c\u0131l\u0131 UNIX i\u015fletim sistemi t\u00fcrevidir. Linux, \u0130nternet \u00fczerinde ilgili ve merakl\u0131 bir\u00e7ok ki\u015fi taraf\u0131ndan ortak olarak geli\u015ftirilmekte olan ve ba\u015fta IBM-PC uyumlu ki\u015fisel bilgisayarlar olmak \u00fczere bir\u00e7ok platformda \u00e7al\u0131\u015fabilen ve herhangi bir maliyeti olmayan bir i\u015fletim sistemidir. UNIX 70&#8217;li y\u0131llar\u0131n ortalar\u0131nda b\u00fcy\u00fck bilgisayarlar \u00fczerinde \u00e7ok kullan\u0131c\u0131l\u0131 bir i\u015fletim sistemi olarak [&hellip;]<\/p>\n","protected":false},"author":1,"featured_media":13,"parent":0,"menu_order":0,"comment_status":"closed","ping_status":"closed","template":"","meta":{"footnotes":""},"_links":{"self":[{"href":"https:\/\/www.sunucuhizmeti.com.tr\/blog\/wp-json\/wp\/v2\/pages\/12"}],"collection":[{"href":"https:\/\/www.sunucuhizmeti.com.tr\/blog\/wp-json\/wp\/v2\/pages"}],"about":[{"href":"https:\/\/www.sunucuhizmeti.com.tr\/blog\/wp-json\/wp\/v2\/types\/page"}],"author":[{"embeddable":true,"href":"https:\/\/www.sunucuhizmeti.com.tr\/blog\/wp-json\/wp\/v2\/users\/1"}],"replies":[{"embeddable":true,"href":"https:\/\/www.sunucuhizmeti.com.tr\/blog\/wp-json\/wp\/v2\/comments?post=12"}],"version-history":[{"count":1,"href":"https:\/\/www.sunucuhizmeti.com.tr\/blog\/wp-json\/wp\/v2\/pages\/12\/revisions"}],"predecessor-version":[{"id":14,"href":"https:\/\/www.sunucuhizmeti.com.tr\/blog\/wp-json\/wp\/v2\/pages\/12\/revisions\/14"}],"wp:featuredmedia":[{"embeddable":true,"href":"https:\/\/www.sunucuhizmeti.com.tr\/blog\/wp-json\/wp\/v2\/media\/13"}],"wp:attachment":[{"href":"https:\/\/www.sunucuhizmeti.com.tr\/blog\/wp-json\/wp\/v2\/media?parent=12"}],"curies":[{"name":"wp","href":"https:\/\/api.w.org\/{rel}","templated":true}]}}