{"id":18,"date":"2015-10-26T11:56:59","date_gmt":"2015-10-26T09:56:59","guid":{"rendered":"https:\/\/www.sunucuhizmeti.com.tr\/blog\/?page_id=18"},"modified":"2015-10-26T11:56:59","modified_gmt":"2015-10-26T09:56:59","slug":"metin2-nedir","status":"publish","type":"page","link":"https:\/\/www.sunucuhizmeti.com.tr\/blog\/metin2-nedir\/","title":{"rendered":"Metin2 Nedir?"},"content":{"rendered":"<h2><span id=\"Tarih\" class=\"mw-headline\"><a href=\"https:\/\/www.sunucuhizmeti.com.tr\/blog\/wp-content\/uploads\/2015\/10\/metin2-logo.png\"><img loading=\"lazy\" decoding=\"async\" class=\"size-medium wp-image-19 alignleft\" src=\"https:\/\/www.sunucuhizmeti.com.tr\/blog\/wp-content\/uploads\/2015\/10\/metin2-logo-300x187.png\" alt=\"metin2 logo\" width=\"300\" height=\"187\" \/><\/a>Tarih<\/span><\/h2>\n<p>Oyun 2005&#8217;in Mart ay\u0131nda Kore ve \u00c7in&#8217;de yay\u0131na ba\u015flad\u0131. Aral\u0131k 2006&#8217;da Gameforge taraf\u0131ndan sat\u0131n al\u0131nd\u0131 ve ilk dili Almanya&#8217;da beta olarak a\u00e7\u0131ld\u0131; bu da oyunun Avrupa daki ilk sunucusudur. May\u0131s 2007&#8217;de betadan \u00e7\u0131k\u0131p 17 farkl\u0131 dilde yay\u0131na ge\u00e7ti. Avrupa&#8217;da 58.000.000 aktif kullan\u0131c\u0131yla d\u00fcnyada toplam 150.000.000 kullan\u0131c\u0131ya sahiptir. 2007 May\u0131s ay\u0131nda \u00fccretlenmeler d\u00fczenlendi ve micropayments sistemi etkinle\u015ftirildi.<\/p>\n<p>Ocak 2009&#8217;da <i>Metin2<\/i> hakk\u0131nda \u00e7ok \u015fikayetler gelmeye ba\u015flad\u0131. Bunlar\u0131n ba\u015f\u0131nda hesap \u00e7al\u0131nmalar\u0131 ve soygunlar\u0131 gibi \u00f6nemli \u015fikayetler gelmi\u015ftir. Bunun i\u00e7in Gameforge bir hukuk sistemiyle olaya el koymu\u015ftur ve bundan sonra hesap \u00e7alanlar derecesine g\u00f6re hukuk kar\u015f\u0131s\u0131nda cezaland\u0131r\u0131lacakt\u0131. Oyun 31 Mart 2009&#8217;dan itibaren Kuzey Amerika y\u00f6netimi Z8Games&#8217;e devredildi. 3 Eyl\u00fcl 2009&#8217;da ise Singapur y\u00f6netimi TEC- \u0130nteraktif&#8217;e ge\u00e7mi\u015ftir. \u015eu an ki g\u00fcncel durumu GameForge 4D yay\u0131mc\u0131s\u0131na aittir.<\/p>\n<h2><span id=\"Konusu_ve_amac.C4.B1\" class=\"mw-headline\">Konusu ve amac\u0131<\/span><\/h2>\n<p><i>Metin2<\/i>&#8216;nin konusu \u00fc\u00e7 b\u00fcy\u00fck imparatorlu\u011fun sava\u015f\u0131n\u0131 anlatan bir uzakdo\u011fu hik\u00e2yesidir. \u0130lk olarak sadece hayvan ve bitki hayat\u0131 vard\u0131 ve bir Metin ta\u015f\u0131 gelip vah\u015fi hayat\u0131 k\u0131r\u0131p \u00fc\u00e7 imparatorlu\u011fun s\u0131n\u0131rlar\u0131n\u0131 \u00e7izdi. Oyunda ama\u00e7 ise sava\u015farak kendini geli\u015ftirmektir.<\/p>\n<h2><span id=\"Karakter_s.C4.B1n.C4.B1flar.C4.B1\" class=\"mw-headline\">Karakter s\u0131n\u0131flar\u0131<\/span><\/h2>\n<p>Her oyuncu karakterini olu\u015ftururken kendine bir s\u0131n\u0131f se\u00e7er bunlar; Sava\u015f\u00e7\u0131, ninja, sura, \u015faman ve lycand\u0131r.<\/p>\n<h3><span id=\"Sava.C5.9F.C3.A7.C4.B1\" class=\"mw-headline\">Sava\u015f\u00e7\u0131<\/span><\/h3>\n<p>Becerileri ve a\u011f\u0131r z\u0131rhlar\u0131yla sava\u015f\u00e7\u0131lar yak\u0131n d\u00f6v\u00fc\u015f konusunda b\u00fcy\u00fck rol oynarlar. G\u00fc\u00e7lerini kuvvetli fiziksel yap\u0131lar\u0131ndan ve dengeli zihinsel yap\u0131lar\u0131ndan al\u0131rlar.<\/p>\n<p>Se\u00e7tikleri \u00f6zelli\u011fe g\u00f6re \u00e7ift el silahlar\u0131yla rakiplerini y\u0131k\u0131ma u\u011fratabilir veya k\u0131l\u0131\u00e7 ve kalkanlar\u0131n\u0131 beceriyle kullanarak kendilerini savunabilirler. Oyunda en \u00e7ok tercih edilen karakterler aras\u0131ndad\u0131r.<\/p>\n<h3><span id=\"Ninja\" class=\"mw-headline\">Ninja<\/span><\/h3>\n<p>Ninjalar pusu kurarak sald\u0131rabilen profesyonel suikast\u00e7ilerdir. H\u0131z\u0131 ve hareketlili\u011fi sa\u011flamak i\u00e7in hafif z\u0131rhlar giyerler.<\/p>\n<p>Kendilerini bu yeteneklere adad\u0131klar\u0131 i\u00e7in, Ninjalar han\u00e7er ve yay kullanan usta d\u00f6v\u00fc\u015f\u00e7\u00fclerdir.<\/p>\n<h3><span id=\"Sura\" class=\"mw-headline\">Sura<\/span><\/h3>\n<p>Suralar K\u00f6t\u00fcl\u00fck Tohumunu kollar\u0131nda b\u00fcy\u00fctmeye karar verdiklerinde sihirli g\u00fc\u00e7ler kazanan Sava\u015f\u00e7\u0131lard\u0131r. Bu nedenle yak\u0131n d\u00f6v\u00fc\u015f sava\u015f\u00e7\u0131lar\u0131na kar\u015f\u0131 ustad\u0131rlar uzak mesafeden sihir ile sald\u0131r\u0131 yapabilirler.<\/p>\n<p>Bu yeteneklere olan gereksinimlerinin sonucu olarak, sald\u0131r\u0131 sihirlerini g\u00fc\u00e7lendirebilirler ya da ek destek b\u00fcy\u00fcleri kazanabilirler.<\/p>\n<h3><span id=\".C5.9Eaman\" class=\"mw-headline\">\u015eaman<\/span><\/h3>\n<p>\u015eamanlar zekidirler ve B\u00fcy\u00fc ve Sihir kullan\u0131rlar. Sava\u015f\u0131rken ve arkada\u015flar\u0131na destek olurlarken, onlar\u0131n mistik g\u00fc\u00e7leri \u00e7ok etkilidir.<\/p>\n<p>Bu yeteneklerdeki uzmanl\u0131klar\u0131 sayesinde, bir \u015eaman sald\u0131r\u0131lar\u0131n g\u00fcc\u00fcn\u00fc art\u0131rabilir ya da iyile\u015ftirme ve destek b\u00fcy\u00fclerini g\u00fc\u00e7lendirebilir.<\/p>\n<h3><span id=\"Lycan\" class=\"mw-headline\">Lycan<\/span><\/h3>\n<p>Lycanlar, iri yar\u0131 kurt yarat\u0131klard\u0131r. \u00c7aresi olmayan bir vir\u00fcse yakalan\u0131p insan g\u00f6r\u00fcn\u00fcmlerini kaybederek yarat\u0131klara d\u00f6n\u00fc\u015fm\u00fc\u015fler.<\/p>\n<p>T\u00fckenmeyen g\u00fc\u00e7leri ve geli\u015fmi\u015f i\u00e7g\u00fcd\u00fcleri sayesinde muazzam yak\u0131n d\u00f6v\u00fc\u015fc\u00fclerdir. Kavgadan ka\u00e7mazlar. Daima cephede olmak isterler. A\u011f\u0131r silah kullanmay\u0131p,Ninjalar gibi h\u0131zl\u0131d\u0131rlar.<\/p>\n<h2><span id=\".C4.B0mparatorluklar\" class=\"mw-headline\">\u0130mparatorluklar<\/span><\/h2>\n<h3><span id=\"Chunjo_.C4.B0mparatorlu.C4.9Fu\" class=\"mw-headline\">Chunjo \u0130mparatorlu\u011fu<\/span><\/h3>\n<p>Chunjo Krall\u0131\u011f\u0131 k\u0131tan\u0131n bat\u0131 k\u0131sm\u0131nda yerle\u015fmi\u015ftir. Ruhsal liderleri taraf\u0131ndan kontrol edilen teokratik bir krall\u0131kt\u0131r.<\/p>\n<p>Eski krall\u0131\u011f\u0131n kuzeni Yoon-Young taraf\u0131ndan kurulmu\u015ftur. Yoon-Young Metin Ta\u015flar\u0131n\u0131n tehlikesini \u00f6nceden ke\u015ffedebilmek i\u00e7in kar\u0131s\u0131n\u0131n devasa b\u00fcy\u00fcl\u00fc g\u00fc\u00e7lerinden yard\u0131m ald\u0131. Defalarca kez Metin Ta\u015flar\u0131na kar\u015f\u0131 bir \u00e7\u00f6z\u00fcm aray\u0131\u015f\u0131n\u0131n ba\u015flat\u0131lmas\u0131n\u0131 \u00f6nerdi ancak her defas\u0131nda g\u00f6rmezden gelindi. Sonunda eski krall\u0131\u011fa kar\u015f\u0131 asi bir karde\u015fli\u011fe liderlik etti. Eski kral\u0131n tahttan indirilmesinden sonra, Chunjo Do\u011fulu ve G\u00fcneyli krall\u0131klara hala sava\u015f halinde oldu.<\/p>\n<p>Ama\u00e7lar\u0131: T\u00fcm k\u0131tan\u0131n kontrol\u00fcn\u00fc ele ge\u00e7irmek ve Metin Ta\u015flar\u0131n\u0131n artan g\u00fcc\u00fcn\u00fc engellemek.<\/p>\n<h3><span id=\"Jinno_.C4.B0mparatorlu.C4.9Fu\" class=\"mw-headline\">Jinno \u0130mparatorlu\u011fu<\/span><\/h3>\n<p>Jinno Krall\u0131\u011f\u0131 k\u0131tan\u0131n do\u011fu k\u0131sm\u0131nda yer al\u0131r. Bu krall\u0131k askeri g\u00fcce dayal\u0131 kurulmu\u015ftur ve halk\u0131 agresif ve sava\u015f\u00e7\u0131d\u0131r.<\/p>\n<p>Jinno Krall\u0131\u011f\u0131n\u0131n lideri son kral\u0131n o\u011flu Ee-Ryoong&#8217;dur. O eski krall\u0131\u011f\u0131 askeri g\u00fcc\u00fcyle yeniden birle\u015ftirebilece\u011fine inan\u0131r.<\/p>\n<p>Metin Ta\u015flar\u0131n\u0131n anlam\u0131 ve etkileri ile ilgili korkular resmi olarak g\u00f6rmezden gelinmi\u015ftir. Ancak gizli d\u00fc\u015f\u00fcncelerinde Ee-Ryoong Metin Ta\u015flar\u0131n\u0131n \u00f6l\u00fcmc\u00fcl g\u00fcc\u00fcn\u00fc kendi planlar\u0131n\u0131 ger\u00e7ekle\u015ftirmek i\u00e7in kullanman\u0131n yollar\u0131n\u0131 aramaktad\u0131r.<\/p>\n<h3><span id=\"Shinsoo_.C4.B0mparatorlu.C4.9Fu\" class=\"mw-headline\">Shinsoo \u0130mparatorlu\u011fu<\/span><\/h3>\n<p>Shinsoo Krall\u0131\u011f\u0131 k\u0131tan\u0131n g\u00fcney k\u0131sm\u0131nda yer al\u0131r. En \u00f6nemli aktiviteleri ticarettir.<\/p>\n<p>Yoon-Yoing taraf\u0131ndan eski krall\u0131\u011f\u0131n da\u011f\u0131lmas\u0131ndan sonra do\u011fuyla yap\u0131lan ticari bir anla\u015fma sonucu kurulmu\u015ftur. Shinsoo bat\u0131 krall\u0131\u011f\u0131yla anla\u015fmazl\u0131klar ya\u015famaktad\u0131r ve ticaret yolu tehlikelerle dolu olabilir. Metin Ta\u015flar\u0131n\u0131n tehlikesini farkettiklerinde, t\u00fcccarlarda silahland\u0131lar. Ama\u00e7lar\u0131: Kendilerini bat\u0131dan gelecek sald\u0131r\u0131lara kar\u015f\u0131 korumak, ticaret yolunu tekrar a\u00e7mak ve eski krall\u0131\u011f\u0131 kendi iradelerinde yeniden bir araya getirmektir.<\/p>\n","protected":false},"excerpt":{"rendered":"<p>Tarih Oyun 2005&#8217;in Mart ay\u0131nda Kore ve \u00c7in&#8217;de yay\u0131na ba\u015flad\u0131. Aral\u0131k 2006&#8217;da Gameforge taraf\u0131ndan sat\u0131n al\u0131nd\u0131 ve ilk dili Almanya&#8217;da beta olarak a\u00e7\u0131ld\u0131; bu da oyunun Avrupa daki ilk sunucusudur. May\u0131s 2007&#8217;de betadan \u00e7\u0131k\u0131p 17 farkl\u0131 dilde yay\u0131na ge\u00e7ti. Avrupa&#8217;da 58.000.000 aktif kullan\u0131c\u0131yla d\u00fcnyada toplam 150.000.000 kullan\u0131c\u0131ya sahiptir. 2007 May\u0131s ay\u0131nda \u00fccretlenmeler d\u00fczenlendi ve micropayments [&hellip;]<\/p>\n","protected":false},"author":1,"featured_media":19,"parent":0,"menu_order":0,"comment_status":"closed","ping_status":"closed","template":"","meta":{"footnotes":""},"_links":{"self":[{"href":"https:\/\/www.sunucuhizmeti.com.tr\/blog\/wp-json\/wp\/v2\/pages\/18"}],"collection":[{"href":"https:\/\/www.sunucuhizmeti.com.tr\/blog\/wp-json\/wp\/v2\/pages"}],"about":[{"href":"https:\/\/www.sunucuhizmeti.com.tr\/blog\/wp-json\/wp\/v2\/types\/page"}],"author":[{"embeddable":true,"href":"https:\/\/www.sunucuhizmeti.com.tr\/blog\/wp-json\/wp\/v2\/users\/1"}],"replies":[{"embeddable":true,"href":"https:\/\/www.sunucuhizmeti.com.tr\/blog\/wp-json\/wp\/v2\/comments?post=18"}],"version-history":[{"count":1,"href":"https:\/\/www.sunucuhizmeti.com.tr\/blog\/wp-json\/wp\/v2\/pages\/18\/revisions"}],"predecessor-version":[{"id":20,"href":"https:\/\/www.sunucuhizmeti.com.tr\/blog\/wp-json\/wp\/v2\/pages\/18\/revisions\/20"}],"wp:featuredmedia":[{"embeddable":true,"href":"https:\/\/www.sunucuhizmeti.com.tr\/blog\/wp-json\/wp\/v2\/media\/19"}],"wp:attachment":[{"href":"https:\/\/www.sunucuhizmeti.com.tr\/blog\/wp-json\/wp\/v2\/media?parent=18"}],"curies":[{"name":"wp","href":"https:\/\/api.w.org\/{rel}","templated":true}]}}