{"id":9,"date":"2015-10-26T11:47:06","date_gmt":"2015-10-26T09:47:06","guid":{"rendered":"https:\/\/www.sunucuhizmeti.com.tr\/blog\/?page_id=9"},"modified":"2015-10-26T11:47:06","modified_gmt":"2015-10-26T09:47:06","slug":"directadmin-nedir","status":"publish","type":"page","link":"https:\/\/www.sunucuhizmeti.com.tr\/blog\/directadmin-nedir\/","title":{"rendered":"Directadmin nedir?"},"content":{"rendered":"<p><a href=\"https:\/\/www.sunucuhizmeti.com.tr\/blog\/wp-content\/uploads\/2015\/10\/DirectAdmin-Logo.png\"><img loading=\"lazy\" decoding=\"async\" class=\"size-full wp-image-10 alignleft\" src=\"https:\/\/www.sunucuhizmeti.com.tr\/blog\/wp-content\/uploads\/2015\/10\/DirectAdmin-Logo.png\" alt=\"directadmin logo\" width=\"281\" height=\"162\" \/><\/a>cPanel \/ WHM ve Plesk\u2019in ard\u0131ndan DirectAdmin en \u00e7ok tercih edilen \u00fc\u00e7\u00fcnc\u00fc kontrol paneli sistemidir. cPanel \/ WHM gibi Linux tabanl\u0131d\u0131r yani Windows platformuna sahip sunucularda tercih edilmemektedir. Temel olarak cPanel \/ WHM ve Plesk ile ayn\u0131 \u00f6zelliklere sahiptir. Ancak DirectAdmin sadeli\u011fi ile daima dikkat \u00e7eker. cPanel ve Plesk her s\u00fcr\u00fcmde tasar\u0131mda \u00f6nemli de\u011fi\u015fiklikler yaparken DirectAdmin neredeyse ilk \u00e7\u0131kt\u0131\u011f\u0131 g\u00fcnden beri ayn\u0131 tasar\u0131ma sahiptir. Tabii ki \u00f6zelle\u015ftirilebilir. DirectAdmin ile ilgili bir di\u011fer bilgi ise Plesk ile hi\u00e7 bir zaman k\u0131yaslanmamas\u0131d\u0131r \u00e7\u00fcnk\u00fc Plesk\u2019ten fazlas\u0131yla h\u0131zl\u0131d\u0131r. Resmi sitesinde yer alan bilgiye g\u00f6re d\u00fcnyan\u0131n en h\u0131zl\u0131 kontrol panelidir. Olduk\u00e7a sade olmas\u0131na ra\u011fmen hi\u00e7 bir i\u015flevsellikten ka\u00e7\u0131n\u0131lmadan tek ekranda her i\u015flemi g\u00f6zler \u00f6n\u00fcne gerek DirectAdmin, Plesk ve cPanel\u2019den da ucuzdur. Tercih edilmesinin en b\u00fcy\u00fck sebeplerinden bir tanesi de budur.<\/p>\n<p>DirectAdmin kontrol paneline sahip bir alan ad\u0131nda DirectAdmin paneline eri\u015fmek i\u00e7in domain.com:2222 ba\u011flant\u0131s\u0131n\u0131 kullanabilirsiniz.<\/p>\n","protected":false},"excerpt":{"rendered":"<p>cPanel \/ WHM ve Plesk\u2019in ard\u0131ndan DirectAdmin en \u00e7ok tercih edilen \u00fc\u00e7\u00fcnc\u00fc kontrol paneli sistemidir. cPanel \/ WHM gibi Linux tabanl\u0131d\u0131r yani Windows platformuna sahip sunucularda tercih edilmemektedir. Temel olarak cPanel \/ WHM ve Plesk ile ayn\u0131 \u00f6zelliklere sahiptir. Ancak DirectAdmin sadeli\u011fi ile daima dikkat \u00e7eker. cPanel ve Plesk her s\u00fcr\u00fcmde tasar\u0131mda \u00f6nemli de\u011fi\u015fiklikler yaparken [&hellip;]<\/p>\n","protected":false},"author":1,"featured_media":10,"parent":0,"menu_order":0,"comment_status":"closed","ping_status":"closed","template":"","meta":{"footnotes":""},"_links":{"self":[{"href":"https:\/\/www.sunucuhizmeti.com.tr\/blog\/wp-json\/wp\/v2\/pages\/9"}],"collection":[{"href":"https:\/\/www.sunucuhizmeti.com.tr\/blog\/wp-json\/wp\/v2\/pages"}],"about":[{"href":"https:\/\/www.sunucuhizmeti.com.tr\/blog\/wp-json\/wp\/v2\/types\/page"}],"author":[{"embeddable":true,"href":"https:\/\/www.sunucuhizmeti.com.tr\/blog\/wp-json\/wp\/v2\/users\/1"}],"replies":[{"embeddable":true,"href":"https:\/\/www.sunucuhizmeti.com.tr\/blog\/wp-json\/wp\/v2\/comments?post=9"}],"version-history":[{"count":1,"href":"https:\/\/www.sunucuhizmeti.com.tr\/blog\/wp-json\/wp\/v2\/pages\/9\/revisions"}],"predecessor-version":[{"id":11,"href":"https:\/\/www.sunucuhizmeti.com.tr\/blog\/wp-json\/wp\/v2\/pages\/9\/revisions\/11"}],"wp:featuredmedia":[{"embeddable":true,"href":"https:\/\/www.sunucuhizmeti.com.tr\/blog\/wp-json\/wp\/v2\/media\/10"}],"wp:attachment":[{"href":"https:\/\/www.sunucuhizmeti.com.tr\/blog\/wp-json\/wp\/v2\/media?parent=9"}],"curies":[{"name":"wp","href":"https:\/\/api.w.org\/{rel}","templated":true}]}}